{"id":8,"date":"2013-05-08T22:11:39","date_gmt":"2013-05-08T22:11:39","guid":{"rendered":"http:\/\/www.kula.si\/?page_id=8"},"modified":"2021-03-26T23:03:32","modified_gmt":"2021-03-26T23:03:32","slug":"clanstvo","status":"publish","type":"page","link":"https:\/\/www.kula.si\/?page_id=8","title":{"rendered":"Pridru\u017ei se nam"},"content":{"rendered":"<p>Priporo\u010deni<strong> znesek za zaposlene je 20 EUR<\/strong>, <strong>za \u0161tudente in upokojence 5 EUR<\/strong>, za brezposelne pa je \u010dlanstvo brezpla\u010dno.<\/p>\n<p>Pla\u010dilni nalog izpolnite <a href=\"https:\/\/www.kula.si\/wp-content\/uploads\/2014\/05\/UPN_primer.pdf\">tako<\/a>: Pla\u010dnik ste <strong>vi.<\/strong> Napi\u0161ite <b>referenco<\/b> <b>SI99<\/b>, <b>ime in priimek<\/b>, <b>naslov in namen pla\u010dila<\/b> (\u010clanarina Zdru\u017eenje Kula 2021) ter <b>kodo namena<\/b> <b>OTHR<\/b>. Prejemnik je <b>Slovensko etnolo\u0161ko<\/b> <b>in antropolo\u0161ko zdru\u017eenje Kula<\/b><b>, Zaveti\u0161ka ulica 5, 1000 Ljubljana. <\/b>\u0160tevilka poslovnega ra\u010duna je <b> SI56 6100 0002 5520 465 <\/b>(Delavska hranilnica d.d.). Vpisati morate tudi <b>BIC<\/b> banke prejemnika, in sicer <b>HDELSI22<\/b>.<\/p>\n<p>S pla\u010dilom \u010dlanarine boste pomagali uresni\u010devati naloge, namene in cilje zdru\u017eenja, izdajati znanstveno revijo Kula, ki jo boste prejemali na va\u0161 elektronski naslov ter omogo\u010dili organizacijo okroglih miz, simpozijev in drugih sre\u010danj ter dogodkov. Prav tako boste dobivali na svojo elektronsko po\u0161to vse informacije, povezane z na\u0161im zdru\u017eenjem, \u010dlanarino pa bomo namenili tudi pla\u010devanju rednih stro\u0161kov (spletna domena, gostovanje in vzdr\u017eevanje spletne strani, najemnina prostorov, opreme, pisarni\u0161ki material, ban\u010dni stro\u0161ki idr.).<\/p>\n<p>Izpoljnjeno pristopno izjavo po\u0161ljite na na\u0161 naslov: <strong><span style=\"text-decoration: underline;\">kulaorg@gmail.com<\/span><\/strong><strong>. <\/strong>Kopijo pla\u010dilnega naloga nam po\u0161ljite kot dokazilo pla\u010dane \u010dlanarine.<\/p>\n<h4>Pristopna izjava je na voljo <a href=\"https:\/\/www.kula.si\/wp-content\/uploads\/2014\/05\/Pristopna-izjava-KULA.doc\">TUKAJ<\/a>.<\/h4>\n","protected":false},"excerpt":{"rendered":"<p>Priporo\u010deni znesek za zaposlene je 20 EUR, za \u0161tudente in upokojence 5 EUR, za brezposelne pa je \u010dlanstvo brezpla\u010dno. Pla\u010dilni nalog izpolnite tako: Pla\u010dnik ste<\/p>\n","protected":false},"author":1,"featured_media":0,"parent":0,"menu_order":0,"comment_status":"closed","ping_status":"closed","template":"","meta":{"om_disable_all_campaigns":false,"_monsterinsights_skip_tracking":false,"_monsterinsights_sitenote_active":false,"_monsterinsights_sitenote_note":"","_monsterinsights_sitenote_category":0,"footnotes":""},"class_list":["post-8","page","type-page","status-publish","hentry","two-columns"],"_links":{"self":[{"href":"https:\/\/www.kula.si\/index.php?rest_route=\/wp\/v2\/pages\/8","targetHints":{"allow":["GET"]}}],"collection":[{"href":"https:\/\/www.kula.si\/index.php?rest_route=\/wp\/v2\/pages"}],"about":[{"href":"https:\/\/www.kula.si\/index.php?rest_route=\/wp\/v2\/types\/page"}],"author":[{"embeddable":true,"href":"https:\/\/www.kula.si\/index.php?rest_route=\/wp\/v2\/users\/1"}],"replies":[{"embeddable":true,"href":"https:\/\/www.kula.si\/index.php?rest_route=%2Fwp%2Fv2%2Fcomments&post=8"}],"version-history":[{"count":13,"href":"https:\/\/www.kula.si\/index.php?rest_route=\/wp\/v2\/pages\/8\/revisions"}],"predecessor-version":[{"id":1308,"href":"https:\/\/www.kula.si\/index.php?rest_route=\/wp\/v2\/pages\/8\/revisions\/1308"}],"wp:attachment":[{"href":"https:\/\/www.kula.si\/index.php?rest_route=%2Fwp%2Fv2%2Fmedia&parent=8"}],"curies":[{"name":"wp","href":"https:\/\/api.w.org\/{rel}","templated":true}]}}