{"id":7,"date":"2013-05-08T22:11:27","date_gmt":"2013-05-08T22:11:27","guid":{"rendered":"http:\/\/www.kula.si\/?page_id=7"},"modified":"2020-11-25T09:10:11","modified_gmt":"2020-11-25T09:10:11","slug":"drustvo-kula","status":"publish","type":"page","link":"https:\/\/www.kula.si\/","title":{"rendered":"Na kratko o zdru\u017eenju KULA"},"content":{"rendered":"\n<span style=\"font-size: 16pt;\">Slovensko etnolo\u0161ko in antropolo\u0161ko zdru\u017eenje KULA je sodobna organizacija, ki omogo\u010da sodelovanje in izmenjavo znanj, izku\u0161enj in vizij, ki so onkraj institucionalnih in neinstitucionalnih oblik raziskovalne, strokovne in druge dejavnosti. Zasnovana je tako, da lahko kdorkoli skupaj z drugimi zainteresiranimi posamezniki in posameznicami realizira svoje zamisli. Klju\u010dne predpostavke zajemajo aktualno kulturno, socialno in antropolo\u0161ko problematiko. Zavzemamo se za kro\u017eenje etnolo\u0161kega in antropolo\u0161kega znanja med ljudmi. Postati sku\u0161amo krovna organizacija, ki premo\u0161\u010da razlike med etnologijo, kulturno\/socialno antropologijo in sorodnimi vedami. Z anga\u017eiranim delom se soo\u010damo z dru\u017ebeno resni\u010dnostjo in opozarjamo na aktualno vsakdanjo problematiko, na lokalni in mednarodni ravni. Zavzemamo za zdru\u017eitev generacij z izredno razli\u010dnimi izku\u0161njami v svojem vsakdanjem \u017eivljenju, poklicnem \u017eivljenju ter vizijah tega, s \u010demer naj bi etnologi in antropologi opravi\u010devali svoje delo.<\/span>\n\n\n\n<br><\/br>\n<h1>KULAktiv<\/h1>\n<span style=\"font-size: 16pt;\">Kulaktiv je primarno zdru\u017eenje \u0161tudentov_k, ki smo se organizirali_e z namenom aktivnega delovanja znotraj Oddelka za etnologijo in kulturno antropologijo in izven njega. KULAktiv je podsekcija zdru\u017eenja KULA, vendar je kljub temu avtonomno in samoorganizirano. KULAktiv deluje zato da zadovolji potrebo \u0161tudentov_k po dodatnem antropolo\u0161kem in etnografskem znanju, da \u0161ir\u0161i javnosti ponudi kulturno antropolo\u0161ke vsebine in nenazadnje da se odzove na pomembne aktualno dru\u017ebeno-politi\u010dno dogajanje doma in po svetu. \u0160tudenti_ke ne \u017eelimo biti zgolj pasivni opazovalec in prejemnik informacij, temve\u010d aktivni udele\u017eenec in generator znanja ter kreativnosti.<\/span>\n\n\n\n<p><\/p>\n","protected":false},"excerpt":{"rendered":"<p>Slovensko etnolo\u0161ko in antropolo\u0161ko zdru\u017eenje KULA je sodobna organizacija, ki omogo\u010da sodelovanje in izmenjavo znanj, izku\u0161enj in vizij, ki so onkraj institucionalnih in neinstitucionalnih oblik<\/p>\n","protected":false},"author":1,"featured_media":0,"parent":0,"menu_order":0,"comment_status":"closed","ping_status":"closed","template":"","meta":{"om_disable_all_campaigns":false,"_monsterinsights_skip_tracking":false,"_monsterinsights_sitenote_active":false,"_monsterinsights_sitenote_note":"","_monsterinsights_sitenote_category":0,"footnotes":""},"class_list":["post-7","page","type-page","status-publish","hentry","two-columns"],"_links":{"self":[{"href":"https:\/\/www.kula.si\/index.php?rest_route=\/wp\/v2\/pages\/7","targetHints":{"allow":["GET"]}}],"collection":[{"href":"https:\/\/www.kula.si\/index.php?rest_route=\/wp\/v2\/pages"}],"about":[{"href":"https:\/\/www.kula.si\/index.php?rest_route=\/wp\/v2\/types\/page"}],"author":[{"embeddable":true,"href":"https:\/\/www.kula.si\/index.php?rest_route=\/wp\/v2\/users\/1"}],"replies":[{"embeddable":true,"href":"https:\/\/www.kula.si\/index.php?rest_route=%2Fwp%2Fv2%2Fcomments&post=7"}],"version-history":[{"count":15,"href":"https:\/\/www.kula.si\/index.php?rest_route=\/wp\/v2\/pages\/7\/revisions"}],"predecessor-version":[{"id":1153,"href":"https:\/\/www.kula.si\/index.php?rest_route=\/wp\/v2\/pages\/7\/revisions\/1153"}],"wp:attachment":[{"href":"https:\/\/www.kula.si\/index.php?rest_route=%2Fwp%2Fv2%2Fmedia&parent=7"}],"curies":[{"name":"wp","href":"https:\/\/api.w.org\/{rel}","templated":true}]}}