{"id":337,"date":"2014-12-03T18:36:03","date_gmt":"2014-12-03T18:36:03","guid":{"rendered":"http:\/\/www.kula.si\/?page_id=337"},"modified":"2021-01-03T00:32:05","modified_gmt":"2021-01-03T00:32:05","slug":"video-2","status":"publish","type":"page","link":"https:\/\/www.kula.si\/?page_id=337","title":{"rendered":"Video"},"content":{"rendered":"<p><span style=\"font-size: 16pt;\">Na\u0161a video zakladnica se nahaja na Youtube kanalu: <\/span><a href=\"https:\/\/www.youtube.com\/user\/kulaorg\/featured\" target=\"_blank\" rel=\"noopener noreferrer\"><strong><span style=\"font-size: 16pt;\">Kula &#8211; slovensko etnolo\u0161ko in antropolo\u0161ko zdru\u017eenje<\/span><\/strong><\/a><\/p>\n<p><strong><span style=\"font-size: 22pt;\">Najnovej\u0161e<\/span><\/strong><\/p>\n<p><iframe loading=\"lazy\" src=\"https:\/\/www.youtube.com\/embed\/ggc8kHRiMac\" width=\"854\" height=\"480\" frameborder=\"0\" allowfullscreen=\"allowfullscreen\"><\/iframe><\/p>\n<p><iframe loading=\"lazy\" src=\"https:\/\/www.youtube.com\/embed\/LMEYeAkeH0E\" width=\"854\" height=\"480\" frameborder=\"0\" allowfullscreen=\"allowfullscreen\"><\/iframe><\/p>\n","protected":false},"excerpt":{"rendered":"<p>Na\u0161a video zakladnica se nahaja na Youtube kanalu: Kula &#8211; slovensko etnolo\u0161ko in antropolo\u0161ko zdru\u017eenje Najnovej\u0161e<\/p>\n","protected":false},"author":1,"featured_media":0,"parent":0,"menu_order":0,"comment_status":"closed","ping_status":"open","template":"","meta":{"om_disable_all_campaigns":false,"_monsterinsights_skip_tracking":false,"_monsterinsights_sitenote_active":false,"_monsterinsights_sitenote_note":"","_monsterinsights_sitenote_category":0,"footnotes":""},"class_list":["post-337","page","type-page","status-publish","hentry","two-columns"],"_links":{"self":[{"href":"https:\/\/www.kula.si\/index.php?rest_route=\/wp\/v2\/pages\/337","targetHints":{"allow":["GET"]}}],"collection":[{"href":"https:\/\/www.kula.si\/index.php?rest_route=\/wp\/v2\/pages"}],"about":[{"href":"https:\/\/www.kula.si\/index.php?rest_route=\/wp\/v2\/types\/page"}],"author":[{"embeddable":true,"href":"https:\/\/www.kula.si\/index.php?rest_route=\/wp\/v2\/users\/1"}],"replies":[{"embeddable":true,"href":"https:\/\/www.kula.si\/index.php?rest_route=%2Fwp%2Fv2%2Fcomments&post=337"}],"version-history":[{"count":11,"href":"https:\/\/www.kula.si\/index.php?rest_route=\/wp\/v2\/pages\/337\/revisions"}],"predecessor-version":[{"id":1191,"href":"https:\/\/www.kula.si\/index.php?rest_route=\/wp\/v2\/pages\/337\/revisions\/1191"}],"wp:attachment":[{"href":"https:\/\/www.kula.si\/index.php?rest_route=%2Fwp%2Fv2%2Fmedia&parent=337"}],"curies":[{"name":"wp","href":"https:\/\/api.w.org\/{rel}","templated":true}]}}