{"id":1160,"date":"2021-01-02T22:20:04","date_gmt":"2021-01-02T22:20:04","guid":{"rendered":"http:\/\/www.kula.si\/?page_id=1160"},"modified":"2021-01-02T22:57:52","modified_gmt":"2021-01-02T22:57:52","slug":"splosni-pogoji-uporabe-spletne-strani","status":"publish","type":"page","link":"https:\/\/www.kula.si\/?page_id=1160","title":{"rendered":"Splo\u0161ni pogoji uporabe spletne strani"},"content":{"rendered":"<p>Splo\u0161ni pogoji uporabe spletne strani Slovenskega etnolo\u0161kega in antropolo\u0161kega zdru\u017eenja Kula<\/p>\n<p><strong>1. SPLO\u0160NE DOLO\u010cBE<\/strong><br \/>\nLastnik spletne strani in spletne domene <a href=\"https:\/\/www.kula.si\/\">www.kula.si<\/a> (v nadaljevanju: spletna stran) je Slovensko etnolo\u0161ko in antropolo\u0161ko zdru\u017eenje Kula, Zaveti\u0161ka 5; mati\u010dna \u0161tevilka 2200864000 (v nadaljevanju: Dru\u0161tvo).<br \/>\nUporabo spletne strani (brskanje, odpiranje povezav, branje vsebine in podobno) \u0161tejemo kot soglasje obiskovalca spletne strani, da se strinja s temi splo\u0161nimi pogoji uporabe. V kolikor se kot obiskovalec spletne strani ne strinjate s temi splo\u0161nimi pogoji, vas prosimo, da spletne strani ne uporabljate.<br \/>\nDru\u0161tvo si pridru\u017euje pravico, da te splo\u0161ne pogoje kadarkoli in brez predhodne najave spremeni, tako da novo razli\u010dico objavi na spletni strani.<br \/>\nTi splo\u0161ni pogoji veljajo za celotno spletno stran in vse njene posamezne dele, kot so razdelki in podstrani, v kolikor za posamezen del izrecno ni dolo\u010deno druga\u010de.<\/p>\n<p><strong>2. VSEBINE NA SPLETNI STRANI<\/strong><br \/>\nObvestila, prispevki, \u010dlanki, publikacije, besedila in druge vsebine objavljene na spletni strani (v nadaljevanju: vsebine) so nastale z najbolj\u0161im namenom podati \u010dlanom, strankam in drugim obiskovalcem spletne strani (v nadaljevanju: uporabniki) koristne in uporabne vsebine za njihovo \u017eivljenje in delo. Dru\u0161tvo sku\u0161a po svojih najbolj\u0161ih mo\u010deh z vzdr\u017eevanjem spletne strani zagotavljati to\u010dnost in pravilnost teh informacij in vsebin.<br \/>\nDru\u0161tvo si pridr\u017euje pravico do spreminjanja, dodajanja ali odstranitve vsebin na spletni strani brez predhodnega opozorila in ne prevzema odgovornosti za kakr\u0161ne koli posledice tak\u0161nih sprememb.<br \/>\nNa spletni strani so objavljene tudi povezave, ki ka\u017eejo na spletne strani drugih oseb in organizacij. Na delovanje teh strani in na njihovo vsebino Dru\u0161tvo ne more vplivati in ne sprejema nikakr\u0161ne odgovornosti za to\u010dnost tam objavljenih informacij in vsebin.<\/p>\n<p><strong>3. PI\u0160KOTKI<\/strong><br \/>\nSpletna stran uporablja tekstovne datoteke (t.i. pi\u0161kotke), ki jih shrani v naprave, s katerimi uporabniki interneta dostopajo do spletne strani in ki so namenjene prepoznavanju teh naprav. Spletna stran uporablja pi\u0161kotke z namenom zbiranja podatkov o njeni uporabi za izbolj\u0161anje uporabni\u0161ke izku\u0161nje.<br \/>\n\u017de shranjene pi\u0161kotke lahko nadzirate ali izbri\u0161ete preko svojega spletnega brskalnika. V primeru, da boste pi\u0161kotke izbrisali ali po poteku njihove veljavnosti, vas bo spletna stran ponovno opozorila na njihovo uporabo.<br \/>\nDru\u017ebena omre\u017eja kot so npr. Facebook, Google+ in Twitter vam bodo morda pi\u0161kotke name\u0161\u010dala pri obiskovanju spletne strani v kolikor boste takrat isto\u010dasno tudi prijavljeni v njihovo storitev. Na te pi\u0161kotke Dru\u0161tvo ne more vplivati, saj je njihova uporaba urejeno s pogoji sodelovanja, ki ste jih kot uporabnik teh omre\u017eij sprejeli ob registraciji v ta omre\u017eja.<\/p>\n<p><strong>4. VARSTVO OSEBNIH PODATKOV<\/strong><br \/>\nDru\u0161tvo varuje osebne podatke obiskovalcev spletne strani, ki mu jih ti posredujejo pri njeni uporabi. Osebne podatke se obdeluje izklju\u010dno za namene, za katere so zbrani in ki jih dovoljuje veljavna zakonodaja.<br \/>\nDru\u0161tvo ne bo osebnih podatkov, vklju\u010dno s kontaktnimi informaciji, uporabljalo za nobene druge namene ter jih brez izrecnega vnaprej\u0161njega dovoljenja posameznika, na katerega se osebni podatki nana\u0161ajo, posredoval tretjim osebam, razen \u010de bi bil k temu zavezan na podlagi predpisov.<br \/>\nOb obisku spletne strani se nekateri podatki (IP naslov, datum, \u010das, naslov strani, s katere prihajate) shranijo na stre\u017enik. Ti podatki so anonimni in se uporabljajo zgolj za statisti\u010dne obdelave.<br \/>\nDru\u0161tvo izvaja potrebne organizacijske, tehni\u010dne in logi\u010dno-tehni\u010dne postopke in ukrepe, s katerimi varuje osebni podatke, prepre\u010duje slu\u010dajno ali namerno nepoobla\u0161\u010deno uni\u010devanje podatkov, njihovo spremembo ali izgubo ter nepoobla\u0161\u010deno obdelavo.<br \/>\nV skladu s podro\u010dno zakonodajo vas obve\u0161\u010damo, da imate mo\u017enost uveljavitve naslednjih pravic v zvezi z obdelovanjem osebnih podatkov:<br \/>\n(i) pravica do dostopa do podatkov,<br \/>\nUporabnik, na katerega se nana\u0161ajo osebni podatki, ima pravico od organizacije dobiti potrditev, ali se v zvezi z njim obdelujejo osebni podatki, in kadar je temu tako, dostop do osebnih podatkov in dodatnih informacij v zvezi z obdelavo osebnih podatkov. Zahtevo za uveljavitev pravice dostopa do podatkov nam prosim posredujte na elektronski po\u0161tni naslov <strong>kulaorg@gmail.com<\/strong>.<br \/>\n(ii) pravica do popravka,<br \/>\nUporabnik, na katerega se nana\u0161ajo osebni podatki, ima pravico dose\u010di, da organizacija brez nepotrebnega odla\u0161anja popravi neto\u010dne osebne podatke v zvezi z njim. Uporabnik, na katerega se nana\u0161ajo osebni podatki, ima ob upo\u0161tevanju namenov obdelave, pravico do dopolnitve nepopolnih osebnih podatkov. Zahtevo za uveljavitev pravice do popravka nam prosim posredujte na elektronski po\u0161tni naslov <strong>kulaorg@gmail.com<\/strong>.<br \/>\n(iii) pravica do izbrisa (\u00bbpravica do pozabe\u00ab),<br \/>\nUporabnik, na katerega se nana\u0161ajo osebni podatki, ima pravico dose\u010di, da organizacija brez nepotrebnega odla\u0161anja izbri\u0161e osebne podatke v zvezi z njim, organizacija pa ima obveznost osebne podatke brez nepotrebnega odla\u0161anja izbrisati, \u010de ne obstaja razlog zaradi katerega brisanje osebnih podatkov ni dovoljeno oz. ima organizacija pravni interes, da podatke dolo\u010den \u010das \u0161e vedno hrani (npr. zakonska zahteva za hrambo dolo\u010denih podatkov uporabnika, dokazovanje izpolnitve pogodbene obveznosti organizacije do uporabnika). Zahtevo za uveljavitev pravice do izbrisa nam prosim posredujte na elektronski po\u0161tni naslov <strong>kulaorg@gmail.com<\/strong>.<br \/>\n(iv) pravica do omejitve obdelave,<br \/>\nUporabnik, na katerega se nana\u0161ajo osebni podatki, ima pravico dose\u010di, da organizacija omeji obdelavo njegovih osebnih podatkov v skladu s predpisanimi nameni obdelave. Zahtevo za omejitev obdelave na prosim posredujte na elektronski po\u0161tni naslov <strong>kulaorg@gmail.com<\/strong>.<br \/>\n(v) pravica do prenosljivosti podatkov,<br \/>\nUporabnik, na katerega se nana\u0161ajo osebni podatki, ima pravico, da prejme osebne podatke v zvezi z njim, ki jih poseduje organizacija, v strukturirani, splo\u0161no uporabljeni in strojno berljivi obliki, in pravico, da te podatke posreduje drugemu upravljavcu, ne da bi ga upravljalec, ki so mu bili osebni podatki zagotovljeni, pri tem oviral, kadar obdelava temelji na privolitvi uporabnika. Zahtevo za uveljavitev pravice do prenosljivosti podatkov nam prosim posredujte na elektronski po\u0161tni naslov <strong>kulaorg@gmail.com<\/strong>.<br \/>\n(vi) pravica do ugovora<br \/>\nUporabnik, na katerega se nana\u0161ajo osebni podatki, ima na podlagi razlogov, povezanih z njegovim polo\u017eajem, pravico, da kadarkoli ugovarja obdelavi osebnih podatkov v zvezi z njim, ki temelji na obdelavi osebnih podatkov, ki je potrebna zaradi zakonitih interesov, za katere si prizadeva organizacija ali tretja oseba, razen kadar nad takimi interesi prevladajo interesi ali temeljne pravice in svobo\u0161\u010dine uporabnika, na katerega se nana\u0161ajo osebni podatki, vklju\u010dno z oblikovanjem profilov na podlagi teh dolo\u010db. Organizacija preneha obdelovati osebne podatke, razen \u010de doka\u017ee nujne legitimne razloge za obdelavo, ki prevladajo nad interesi, pravicami in svobo\u0161\u010dinami uporabnika, na katerega se nana\u0161ajo osebni podatki, ali za uveljavljanje, izvajanje ali obrambo pravnih zahtevkov.<br \/>\n(vii) pravica do vlo\u017eitve prito\u017ebe v zvezi z obdelovanjem osebnih podatkov<br \/>\nUporabnik, na katerega se nana\u0161ajo osebni podatki, ima pravico da poda morebitno prito\u017ebo v zvezi z obdelovanjem osebnih podatkov. Prito\u017ebo v zvezi z obdelovanjem osebnih podatkov nam prosim posreduj na elektronski po\u0161tni naslov <strong>kulaorg@gmail.com<\/strong> ali s priporo\u010deno po\u0161to na sede\u017e organizacije.<br \/>\nPrav tako ima vsak uporabnik, na katerega se nana\u0161ajo osebni podatki, pravico, da vlo\u017ei prito\u017ebo pri Informacijskem poobla\u0161\u010dencu, \u010de meni, da obdelava osebnih podatkov v zvezi z njim kr\u0161i dolo\u010dila na podro\u010dju varstva osebnih podatkov.<\/p>\n<p><strong>5. E-NOVICE<\/strong><br \/>\nDru\u0161tvo obiskovalcem spletne strani ponuja naro\u010dilo na elektronske novice (e-novice). Pri naro\u010dilu na e-novice Dru\u0161tvo zbira va\u0161 naslov elektronske po\u0161te (e-naslov), ki ga vpi\u0161ete v spletni obrazec. Dru\u0161tvo te podatke obdeluje izklju\u010dno za namene obve\u0161\u010danja o novih produktih, novicah in dogodkih, in jih ne bo posredoval tretjim osebam.<br \/>\nPodatki o va\u0161i elektronski po\u0161ti se shranjujejo, dokler se od storitve obve\u0161\u010danja po e-po\u0161ti ne odjavite. Od prejemanja e-novic se lahko odjavite kadarkoli, in sicer tako, da v prejetem elektronskem sporo\u010dilu kliknete na ozna\u010deno povezavo. Z vpisom elektronske po\u0161te v rubriko novice, e-novice ali e-novi\u010dnik se \u0161teje, da sogla\u0161ate, da Dru\u0161tvo va\u0161 naslov elektronske po\u0161te uporablja za namene obve\u0161\u010danja, ter da ste seznanjeni s tem, da se lahko iz sistema sporo\u010dil kadarkoli izpi\u0161ete.<\/p>\n<p><strong>6. AVTORSKE PRAVICE<\/strong><br \/>\nVse vsebine, posnetki, grafi\u010dni in drugi elementi na spletni strani so predmet avtorske za\u0161\u010dite ter drugih oblik za\u0161\u010dite intelektualne lastnine.<br \/>\nV kolikor pri posamezni vsebini na spletni strani ni navedeno druga\u010de, je vsebine spletne strani dovoljeno prosto reproducirati in distribuirati v elektronski obliki ali dajati na voljo javnosti, vse izklju\u010dno za nepridobitne (nekomercialne) namene in pod pogojem, da se jih ne spreminja, ne predeluje in da se navede vir v obliki aktivne povezave z imenom \u201cSlovensko etnolo\u0161ko in antropolo\u0161ko zdru\u017eenja Kula\u201d, ki ka\u017ee na doti\u010dno spletno stran Dru\u0161tva, glede na to iz katere je bila vsebina reproducirana. Primer navedbe vira iz spletne strani \u201c<a href=\"https:\/\/www.kula.si\/\">www.kula.si<\/a>\u201d bi tako bil: \u201cVir: Slovensko etnolo\u0161ko in antropolo\u0161ko zdru\u017eenja Kula\u201d.<br \/>\nVsebin na spletni strani ni dovoljeno reproducirati, distribuirati ali predelovati v drugih oblikah ali uporabljati za komercialne namene brez predhodnega pisnega soglasja Dru\u0161tva.<\/p>\n<p><strong>7. KONTAKTNI PODATKI<\/strong><br \/>\nV kolikor ste odkrili napako, neto\u010dnost, nea\u017eurnost ali drugo pomanjkljivost na spletni strani nam to prosim sporo\u010dite na naslov <strong>kulaorg@gmail.com<\/strong>. Na isti naslov nam lahko sporo\u010dite tudi va\u0161e zahteve za umik va\u0161ih osebnih podatkov iz spletne strani.<br \/>\nVsak posameznik lahko od Dru\u0161tva zahteva, da umakne na spletni strani objavljene njegove osebne podatke, kar zajema tudi slikovni ali video posnetek, na katerem se posameznik pojavi. Dru\u0161tvo bo v tem primeru osebne podatke nemudoma umaknil iz spletne strani, ne odgovarja pa za objavo teh podatkov oz. posnetkov na drugih stre\u017enikih, kjer jih objavijo druge osebe.<\/p>\n<p>Ta razli\u010dica Splo\u0161nih pogojev uporabe spletne strani <a href=\"https:\/\/www.kula.si\/\">www.kula.si<\/a> velja od 25. 12. 2020.<\/p>\n","protected":false},"excerpt":{"rendered":"<p>Splo\u0161ni pogoji uporabe spletne strani Slovenskega etnolo\u0161kega in antropolo\u0161kega zdru\u017eenja Kula 1. SPLO\u0160NE DOLO\u010cBE Lastnik spletne strani in spletne domene www.kula.si (v nadaljevanju: spletna stran)<\/p>\n","protected":false},"author":7,"featured_media":0,"parent":0,"menu_order":0,"comment_status":"closed","ping_status":"closed","template":"","meta":{"om_disable_all_campaigns":false,"_monsterinsights_skip_tracking":false,"_monsterinsights_sitenote_active":false,"_monsterinsights_sitenote_note":"","_monsterinsights_sitenote_category":0,"footnotes":""},"class_list":["post-1160","page","type-page","status-publish","hentry","two-columns"],"_links":{"self":[{"href":"https:\/\/www.kula.si\/index.php?rest_route=\/wp\/v2\/pages\/1160","targetHints":{"allow":["GET"]}}],"collection":[{"href":"https:\/\/www.kula.si\/index.php?rest_route=\/wp\/v2\/pages"}],"about":[{"href":"https:\/\/www.kula.si\/index.php?rest_route=\/wp\/v2\/types\/page"}],"author":[{"embeddable":true,"href":"https:\/\/www.kula.si\/index.php?rest_route=\/wp\/v2\/users\/7"}],"replies":[{"embeddable":true,"href":"https:\/\/www.kula.si\/index.php?rest_route=%2Fwp%2Fv2%2Fcomments&post=1160"}],"version-history":[{"count":6,"href":"https:\/\/www.kula.si\/index.php?rest_route=\/wp\/v2\/pages\/1160\/revisions"}],"predecessor-version":[{"id":1169,"href":"https:\/\/www.kula.si\/index.php?rest_route=\/wp\/v2\/pages\/1160\/revisions\/1169"}],"wp:attachment":[{"href":"https:\/\/www.kula.si\/index.php?rest_route=%2Fwp%2Fv2%2Fmedia&parent=1160"}],"curies":[{"name":"wp","href":"https:\/\/api.w.org\/{rel}","templated":true}]}}