{"id":1143,"date":"2020-11-20T19:26:23","date_gmt":"2020-11-20T19:26:23","guid":{"rendered":"http:\/\/www.kula.si\/?page_id=1143"},"modified":"2021-01-07T19:20:04","modified_gmt":"2021-01-07T19:20:04","slug":"kulaktiv","status":"publish","type":"page","link":"https:\/\/www.kula.si\/?page_id=1143","title":{"rendered":"Kulaktiv"},"content":{"rendered":"<p><span style=\"font-size: 16pt;\">Kulaktiv je primarno zdru\u017eenje \u0161tudentov_k, ki smo se organizirali_e z namenom aktivnega delovanja znotraj Oddelka za etnologijo in kulturno antropologijo in izven njega. KULAktiv je podsekcija zdru\u017eenja KULA, vendar je kljub temu avtonomno in samoorganizirano. KULAktiv deluje zato da zadovolji potrebo \u0161tudentov_k po dodatnem antropolo\u0161kem in etnografskem znanju, da \u0161ir\u0161i javnosti ponudi kulturno antropolo\u0161ke vsebine in nenazadnje da se odzove na pomembne aktualno dru\u017ebeno-politi\u010dno dogajanje doma in po svetu. \u0160tudenti_ke ne \u017eelimo biti zgolj pasivni opazovalec in prejemnik informacij, temve\u010d aktivni udele\u017eenec in generator znanja ter kreativnosti.<\/span><\/p>\n<p>Kontakt: e-naslov <strong>kulaktiv@gmail.com<\/strong>, lahko pa nam tudi sledi\u0161 na <a href=\"https:\/\/www.facebook.com\/kulaktiv\" target=\"_blank\" rel=\"noopener\"><strong>Facebook strani @kulaktiv<\/strong><\/a><\/p>\n","protected":false},"excerpt":{"rendered":"<p>Kulaktiv je primarno zdru\u017eenje \u0161tudentov_k, ki smo se organizirali_e z namenom aktivnega delovanja znotraj Oddelka za etnologijo in kulturno antropologijo in izven njega. KULAktiv je<\/p>\n","protected":false},"author":7,"featured_media":0,"parent":0,"menu_order":0,"comment_status":"closed","ping_status":"closed","template":"","meta":{"om_disable_all_campaigns":false,"_monsterinsights_skip_tracking":false,"_monsterinsights_sitenote_active":false,"_monsterinsights_sitenote_note":"","_monsterinsights_sitenote_category":0,"footnotes":""},"class_list":["post-1143","page","type-page","status-publish","hentry","two-columns"],"_links":{"self":[{"href":"https:\/\/www.kula.si\/index.php?rest_route=\/wp\/v2\/pages\/1143","targetHints":{"allow":["GET"]}}],"collection":[{"href":"https:\/\/www.kula.si\/index.php?rest_route=\/wp\/v2\/pages"}],"about":[{"href":"https:\/\/www.kula.si\/index.php?rest_route=\/wp\/v2\/types\/page"}],"author":[{"embeddable":true,"href":"https:\/\/www.kula.si\/index.php?rest_route=\/wp\/v2\/users\/7"}],"replies":[{"embeddable":true,"href":"https:\/\/www.kula.si\/index.php?rest_route=%2Fwp%2Fv2%2Fcomments&post=1143"}],"version-history":[{"count":6,"href":"https:\/\/www.kula.si\/index.php?rest_route=\/wp\/v2\/pages\/1143\/revisions"}],"predecessor-version":[{"id":1233,"href":"https:\/\/www.kula.si\/index.php?rest_route=\/wp\/v2\/pages\/1143\/revisions\/1233"}],"wp:attachment":[{"href":"https:\/\/www.kula.si\/index.php?rest_route=%2Fwp%2Fv2%2Fmedia&parent=1143"}],"curies":[{"name":"wp","href":"https:\/\/api.w.org\/{rel}","templated":true}]}}